{"id":2014,"date":"2018-09-05T11:26:23","date_gmt":"2018-09-05T11:26:23","guid":{"rendered":"https:\/\/bestandensafe.nl\/francais\/?page_id=2014"},"modified":"2022-11-28T15:07:14","modified_gmt":"2022-11-28T15:07:14","slug":"moniteurexperience","status":"publish","type":"page","link":"https:\/\/bestandensafe.nl\/fr\/moniteurexperience\/","title":{"rendered":"Moniteur d&#8217;Exp\u00e9rience \u00a9"},"content":{"rendered":"<p><div class=\"fusion-fullwidth fullwidth-box fusion-builder-row-1 nonhundred-percent-fullwidth non-hundred-percent-height-scrolling\" style=\"background-color: rgba(173,173,173,0);background-position: center center;background-repeat: no-repeat;padding-top:0px;padding-right:0px;padding-bottom:0px;padding-left:0px;margin-bottom: 0px;margin-top: 0px;border-width: 0px 0px 2px 0px;border-color:rgba(86,180,124,0.52);border-style:solid;\" ><div class=\"fusion-builder-row fusion-row\"><div class=\"fusion-layout-column fusion_builder_column fusion-builder-column-0 fusion_builder_column_1_2 1_2 fusion-one-half fusion-column-first\" style=\"width:50%;width:calc(50% - ( ( 4% ) * 0.5 ) );margin-right: 4%;margin-top:10px;margin-bottom:10px;\"><div class=\"fusion-column-wrapper fusion-flex-column-wrapper-legacy\" style=\"background-position:left top;background-repeat:no-repeat;-webkit-background-size:cover;-moz-background-size:cover;-o-background-size:cover;background-size:cover;padding: 0px 0px 0px 0px;\"><div class=\"fusion-text fusion-text-1\" style=\"transform:translate3d(0,0,0);\"><div class=\"mText grid_6\">\n<p style=\"text-align: justify;\">Les clients satisfaits reviennent plus souvent, d\u00e9pensent plus d\u2019argent et incitent d\u2019autres personnes \u00e0 venir \u00e9galement. \u00c7a fait plaisir \u00e0 entendre, non ?!  <\/p>\n<div style=\"text-align: justify;\">Mais qui sont ces clients, quels sont vos points forts et o\u00f9 pourriez-vous \u00e9ventuellement bricoler pour am\u00e9liorer l\u2019exp\u00e9rience ? R\u00e9pondez-vous aux attentes et \u00e0 quoi ressemble le profil des visiteurs ? Autant de questions qui peuvent vous aider \u00e0 optimiser votre site. Et qui conna\u00eet mieux les r\u00e9ponses que vos clients eux-m\u00eames ? Le Moniteur d\u2019Exp\u00e9rience offre la solution pour r\u00e9pondre \u00e0 ces questions. <\/div>\n<\/div>\n<div class=\"mText grid_6\"><\/div>\n<\/div><div class=\"fusion-clearfix\"><\/div><\/div><\/div><div class=\"fusion-layout-column fusion_builder_column fusion-builder-column-1 fusion_builder_column_1_2 1_2 fusion-one-half fusion-column-last\" style=\"width:50%;width:calc(50% - ( ( 4% ) * 0.5 ) );margin-top:10px;margin-bottom:10px;\"><div class=\"fusion-column-wrapper fusion-flex-column-wrapper-legacy\" style=\"background-position:left top;background-repeat:no-repeat;-webkit-background-size:cover;-moz-background-size:cover;-o-background-size:cover;background-size:cover;padding: 0px 0px 0px 0px;\"><div class=\"imageframe-align-center\"><span class=\" fusion-imageframe imageframe-none imageframe-1 hover-type-none\" style=\"width:100%;max-width:400px;\"><img decoding=\"async\" width=\"2130\" height=\"1475\" title=\"Moniteur Experience &#8211; Screenshot\" src=\"https:\/\/bestandensafe.nl\/francais\/wp-content\/uploads\/sites\/4\/2021\/07\/Moniteur-Experience-Screenshot.png\" class=\"img-responsive wp-image-2857\" srcset=\"https:\/\/bestandensafe.nl\/fr\/wp-content\/uploads\/sites\/4\/2021\/07\/Moniteur-Experience-Screenshot-200x138.png 200w, https:\/\/bestandensafe.nl\/fr\/wp-content\/uploads\/sites\/4\/2021\/07\/Moniteur-Experience-Screenshot-400x277.png 400w, https:\/\/bestandensafe.nl\/fr\/wp-content\/uploads\/sites\/4\/2021\/07\/Moniteur-Experience-Screenshot-600x415.png 600w, https:\/\/bestandensafe.nl\/fr\/wp-content\/uploads\/sites\/4\/2021\/07\/Moniteur-Experience-Screenshot-800x554.png 800w, https:\/\/bestandensafe.nl\/fr\/wp-content\/uploads\/sites\/4\/2021\/07\/Moniteur-Experience-Screenshot-1200x831.png 1200w, https:\/\/bestandensafe.nl\/fr\/wp-content\/uploads\/sites\/4\/2021\/07\/Moniteur-Experience-Screenshot.png 2130w\" sizes=\"(max-width: 1000px) 100vw, 800px\" \/><\/span><\/div><div class=\"fusion-clearfix\"><\/div><\/div><\/div><div class=\"fusion-layout-column fusion_builder_column fusion-builder-column-2 fusion_builder_column_1_1 1_1 fusion-one-full fusion-column-first fusion-column-last\" style=\"margin-top:10px;margin-bottom:10px;\"><div class=\"fusion-column-wrapper fusion-flex-column-wrapper-legacy\" style=\"background-position:left top;background-repeat:no-repeat;-webkit-background-size:cover;-moz-background-size:cover;-o-background-size:cover;background-size:cover;padding: 15px 0px 0px 0px;\"><div class=\"fusion-text fusion-text-2\" style=\"transform:translate3d(0,0,0);\"><p style=\"text-align: justify;\"><b>Comment \u00e7a marche ?<\/b><\/p>\n<p style=\"text-align: justify;\">Le Motify Moniteur d\u2019Exp\u00e9rience est une borne d\u2019enqu\u00eate autonome sur site qui recueille en permanence les r\u00e9ponses les plus sinc\u00e8res et les plus honn\u00eates de vos clients. Pas un instantan\u00e9 une fois par an, mais tout au long de l\u2019ann\u00e9e. Les ajustements sont rapidement visibles et vous pouvez les effectuer rapidement si n\u00e9cessaire.<\/p>\n<p style=\"text-align: justify;\">Des questions claires, une contribution personnelle et des possibilit\u00e9s d\u2019approfondissement. D\u00e9couvrez tout, ou presque, sur vos clients. Et faites en sorte qu\u2019\u00e0 chaque fois, ils repensent \u00e0 leur derni\u00e8re visite avec un sentiment encore plus positif. Int\u00e9ressant, non ?<\/p>\n<p style=\"text-align: justify;\"><i>Quels sont les avantages du Motify Moniteur d\u2019Exp\u00e9rience\u00a9 ?<\/i><\/p>\n<ul>\n<li><b>Plus de r\u00e9ponses<\/b> qu\u2019avec les m\u00e9thodes d\u2019enqu\u00eate traditionnelles<\/li>\n<li><b>Enqu\u00eate anonyme<\/b> sur site, ce qui engendre des r\u00e9actions sinc\u00e8res et honn\u00eates<\/li>\n<li><b>Pr\u00e9sence continue<\/b> donc pas d\u2019instantan\u00e9<\/li>\n<\/ul>\n<\/div><div class=\"fusion-clearfix\"><\/div><\/div><\/div><\/div><\/div><div class=\"fusion-fullwidth fullwidth-box fusion-builder-row-2 nonhundred-percent-fullwidth non-hundred-percent-height-scrolling\" style=\"background-color: #56b47c;background-position: center center;background-repeat: no-repeat;padding-top:70px;padding-right:0px;padding-bottom:0px;padding-left:0px;margin-bottom: 0px;margin-top: 0px;border-width: 2px 0px 2px 0px;border-color:rgba(86,180,124,0.52);border-style:solid;\" ><div class=\"fusion-builder-row fusion-row\"><div class=\"fusion-layout-column fusion_builder_column fusion-builder-column-3 fusion_builder_column_1_1 1_1 fusion-one-full fusion-column-first fusion-column-last\" style=\"margin-top:10px;margin-bottom:10px;\"><div class=\"fusion-column-wrapper fusion-flex-column-wrapper-legacy\" style=\"background-position:left top;background-repeat:no-repeat;-webkit-background-size:cover;-moz-background-size:cover;-o-background-size:cover;background-size:cover;padding: 0px 0px 0px 0px;\"><div class=\"fusion-content-boxes content-boxes columns row fusion-columns-2 fusion-columns-total-2 fusion-content-boxes-1 content-boxes-icon-on-top content-left\" data-animationOffset=\"100%\" style=\"margin-top:0px;margin-bottom:60px;\"><style type=\"text\/css\">.fusion-content-boxes-1 .heading .content-box-heading {color:#333c4e;}\n\t\t\t\t\t.fusion-content-boxes-1 .fusion-content-box-hover .link-area-link-icon-hover .heading .content-box-heading,\n\t\t\t\t\t.fusion-content-boxes-1 .fusion-content-box-hover .link-area-link-icon-hover .heading .heading-link .content-box-heading,\n\t\t\t\t\t.fusion-content-boxes-1 .fusion-content-box-hover .link-area-box-hover .heading .content-box-heading,\n\t\t\t\t\t.fusion-content-boxes-1 .fusion-content-box-hover .link-area-box-hover .heading .heading-link .content-box-heading,\n\t\t\t\t\t.fusion-content-boxes-1 .fusion-content-box-hover .link-area-link-icon-hover.link-area-box .fusion-read-more,\n\t\t\t\t\t.fusion-content-boxes-1 .fusion-content-box-hover .link-area-link-icon-hover.link-area-box .fusion-read-more::after,\n\t\t\t\t\t.fusion-content-boxes-1 .fusion-content-box-hover .link-area-link-icon-hover.link-area-box .fusion-read-more::before,\n\t\t\t\t\t.fusion-content-boxes-1 .fusion-content-box-hover .fusion-read-more:hover:after,\n\t\t\t\t\t.fusion-content-boxes-1 .fusion-content-box-hover .fusion-read-more:hover:before,\n\t\t\t\t\t.fusion-content-boxes-1 .fusion-content-box-hover .fusion-read-more:hover,\n\t\t\t\t\t.fusion-content-boxes-1 .fusion-content-box-hover .link-area-box-hover.link-area-box .fusion-read-more,\n\t\t\t\t\t.fusion-content-boxes-1 .fusion-content-box-hover .link-area-box-hover.link-area-box .fusion-read-more::after,\n\t\t\t\t\t.fusion-content-boxes-1 .fusion-content-box-hover .link-area-box-hover.link-area-box .fusion-read-more::before,\n\t\t\t\t\t.fusion-content-boxes-1 .fusion-content-box-hover .link-area-link-icon-hover .icon .circle-no,\n\t\t\t\t\t.fusion-content-boxes-1 .heading .heading-link:hover .content-box-heading {\n\t\t\t\t\t\tcolor: #56b47c;\n\t\t\t\t\t}\n\t\t\t\t\t.fusion-content-boxes-1 .fusion-content-box-hover .link-area-box-hover .icon .circle-no {\n\t\t\t\t\t\tcolor: #56b47c !important;\n\t\t\t\t\t}.fusion-content-boxes-1 .fusion-content-box-hover .link-area-box.link-area-box-hover .fusion-content-box-button {background: #190f0f;color: #ffffff;}.fusion-content-boxes-1 .fusion-content-box-hover .link-area-box.link-area-box-hover .fusion-content-box-button .fusion-button-text {color: #ffffff;}\n\t\t\t\t\t.fusion-content-boxes-1 .fusion-content-box-hover .link-area-link-icon-hover .heading .icon > span {\n\t\t\t\t\t\tbackground-color: #56b47c !important;\n\t\t\t\t\t}\n\t\t\t\t\t.fusion-content-boxes-1 .fusion-content-box-hover .link-area-box-hover .heading .icon > span {\n\t\t\t\t\t\tborder-color: #56b47c !important;\n\t\t\t\t\t}<\/style><div class=\"fusion-column content-box-column content-box-column content-box-column-1 col-lg-6 col-md-6 col-sm-6 fusion-content-box-hover content-box-column-first-in-row\"><div class=\"col content-box-wrapper content-wrapper-background link-area-box link-type-button icon-hover-animation-slide\" style=\"background-color:#ffffff;\" data-link=\"https:\/\/bestandensafe.nl\/fr\/contact\/\" data-link-target=\"_self\" data-animationOffset=\"100%\"><div class=\"heading heading-with-icon icon-left\"><a class=\"heading-link\" href=\"https:\/\/bestandensafe.nl\/fr\/contact\/\" target=\"_self\"><div class=\"icon\"><i style=\"border-color:#333c4e;border-width:0px;background-color:#56b47c;box-sizing:content-box;height:100px;width:100px;line-height:100px;border-radius:50%;color:#ffffff;font-size:50px;\" aria-hidden=\"true\" class=\"fontawesome-icon fa-envelope fas circle-yes\"><\/i><\/div><h1 class=\"content-box-heading\" style=\"font-size:24px;line-height:29px;\">Int\u00e9ress\u00e9 par le Motify Moniteur d'Exp\u00e9rience\u00a9?<\/h1><\/a><\/div><div class=\"fusion-clearfix\"><\/div><div class=\"content-container\" style=\"color:#7e8890;\">\n<p>Contactez-nous et demandez une d\u00e9mo gratuite<\/p>\n<\/div><div class=\"fusion-clearfix\"><\/div><a class=\"fusion-read-more-button fusion-content-box-button fusion-button button-default button-large button- button-flat\" href=\"https:\/\/bestandensafe.nl\/fr\/contact\/\" target=\"_self\"><span class=\"fusion-button-text\">Contactez nous<\/span><\/a><div class=\"fusion-clearfix\"><\/div><\/div><\/div><div class=\"fusion-column content-box-column content-box-column content-box-column-2 col-lg-6 col-md-6 col-sm-6 fusion-content-box-hover content-box-column-last content-box-column-last-in-row\"><div class=\"col content-box-wrapper content-wrapper-background link-area-box link-type-button icon-hover-animation-slide\" style=\"background-color:#ffffff;\" data-link=\"https:\/\/bestandensafe.nl\/fr\/wp-content\/uploads\/sites\/4\/2021\/11\/Motify-Brochure-Moniteur-dExperience-3.0.pdf\" data-link-target=\"_blank\" data-animationOffset=\"100%\"><div class=\"heading heading-with-icon icon-left\"><a class=\"heading-link\" href=\"https:\/\/bestandensafe.nl\/fr\/wp-content\/uploads\/sites\/4\/2021\/11\/Motify-Brochure-Moniteur-dExperience-3.0.pdf\" target=\"_blank\" rel=\"noopener noreferrer\"><div class=\"icon\"><i style=\"border-color:#333c4e;border-width:0px;background-color:#56b47c;box-sizing:content-box;height:100px;width:100px;line-height:100px;border-radius:50%;color:#ffffff;font-size:50px;\" aria-hidden=\"true\" class=\"fontawesome-icon fa-book-open fas circle-yes\"><\/i><\/div><h1 class=\"content-box-heading\" style=\"font-size:24px;line-height:29px;\">En savoir plus sur le Motify Moniteur d'Exp\u00e9rience?<\/h1><\/a><\/div><div class=\"fusion-clearfix\"><\/div><div class=\"content-container\" style=\"color:#7e8890;\">\n<p>T\u00e9l\u00e9chargez notre brochure pour plus d\u2019informations<\/p>\n<\/div><div class=\"fusion-clearfix\"><\/div><a class=\"fusion-read-more-button fusion-content-box-button fusion-button button-default button-large button- button-flat\" href=\"https:\/\/bestandensafe.nl\/fr\/wp-content\/uploads\/sites\/4\/2021\/11\/Motify-Brochure-Moniteur-dExperience-3.0.pdf\" target=\"_blank\" rel=\"noopener noreferrer\"><span class=\"fusion-button-text\">T\u00e9l\u00e9chargez le brochure<\/span><\/a><div class=\"fusion-clearfix\"><\/div><\/div><\/div><style type=\"text\/css\">\n\t\t\t\t\t\t.fusion-content-boxes-1 .fusion-content-box-hover .heading-link:hover .icon i.circle-yes,\n\t\t\t\t\t\t.fusion-content-boxes-1 .fusion-content-box-hover .link-area-box:hover .heading-link .icon i.circle-yes,\n\t\t\t\t\t\t.fusion-content-boxes-1 .fusion-content-box-hover .link-area-link-icon-hover .heading .icon i.circle-yes,\n\t\t\t\t\t\t.fusion-content-boxes-1 .fusion-content-box-hover .link-area-box-hover .heading .icon i.circle-yes {\n\t\t\t\t\t\t\tbackground-color: #56b47c !important;\n\t\t\t\t\t\t\tborder-color: #56b47c !important;\n\t\t\t\t\t\t}<\/style><div class=\"fusion-clearfix\"><\/div><\/div><div class=\"fusion-clearfix\"><\/div><\/div><\/div><\/div><style type=\"text\/css\">.fusion-fullwidth.fusion-builder-row-2 a:not(.fusion-button):not(.fusion-builder-module-control):not(.fusion-social-network-icon):not(.fb-icon-element):not(.fusion-countdown-link):not(.fusion-rollover-link):not(.fusion-rollover-gallery):not(.fusion-button-bar):not(.add_to_cart_button):not(.show_details_button):not(.product_type_external):not(.fusion-view-cart):not(.fusion-quick-view):not(.fusion-rollover-title-link):not(.fusion-breadcrumb-link) , .fusion-fullwidth.fusion-builder-row-2 a:not(.fusion-button):not(.fusion-builder-module-control):not(.fusion-social-network-icon):not(.fb-icon-element):not(.fusion-countdown-link):not(.fusion-rollover-link):not(.fusion-rollover-gallery):not(.fusion-button-bar):not(.add_to_cart_button):not(.show_details_button):not(.product_type_external):not(.fusion-view-cart):not(.fusion-quick-view):not(.fusion-rollover-title-link):not(.fusion-breadcrumb-link):before, .fusion-fullwidth.fusion-builder-row-2 a:not(.fusion-button):not(.fusion-builder-module-control):not(.fusion-social-network-icon):not(.fb-icon-element):not(.fusion-countdown-link):not(.fusion-rollover-link):not(.fusion-rollover-gallery):not(.fusion-button-bar):not(.add_to_cart_button):not(.show_details_button):not(.product_type_external):not(.fusion-view-cart):not(.fusion-quick-view):not(.fusion-rollover-title-link):not(.fusion-breadcrumb-link):after {color: #56b47c;}<\/style><\/div><\/p>\n","protected":false},"excerpt":{"rendered":"","protected":false},"author":1,"featured_media":0,"parent":0,"menu_order":0,"comment_status":"closed","ping_status":"closed","template":"100-width.php","meta":{"footnotes":""},"class_list":["post-2014","page","type-page","status-publish","hentry"],"_links":{"self":[{"href":"https:\/\/bestandensafe.nl\/fr\/wp-json\/wp\/v2\/pages\/2014","targetHints":{"allow":["GET"]}}],"collection":[{"href":"https:\/\/bestandensafe.nl\/fr\/wp-json\/wp\/v2\/pages"}],"about":[{"href":"https:\/\/bestandensafe.nl\/fr\/wp-json\/wp\/v2\/types\/page"}],"author":[{"embeddable":true,"href":"https:\/\/bestandensafe.nl\/fr\/wp-json\/wp\/v2\/users\/1"}],"replies":[{"embeddable":true,"href":"https:\/\/bestandensafe.nl\/fr\/wp-json\/wp\/v2\/comments?post=2014"}],"version-history":[{"count":4,"href":"https:\/\/bestandensafe.nl\/fr\/wp-json\/wp\/v2\/pages\/2014\/revisions"}],"predecessor-version":[{"id":2919,"href":"https:\/\/bestandensafe.nl\/fr\/wp-json\/wp\/v2\/pages\/2014\/revisions\/2919"}],"wp:attachment":[{"href":"https:\/\/bestandensafe.nl\/fr\/wp-json\/wp\/v2\/media?parent=2014"}],"curies":[{"name":"wp","href":"https:\/\/api.w.org\/{rel}","templated":true}]}}