{"id":2087,"date":"2018-09-06T07:57:36","date_gmt":"2018-09-06T07:57:36","guid":{"rendered":"https:\/\/bestandensafe.nl\/francais\/?page_id=2087"},"modified":"2022-11-28T15:02:50","modified_gmt":"2022-11-28T15:02:50","slug":"upsellpromoter","status":"publish","type":"page","link":"https:\/\/bestandensafe.nl\/fr\/upsellpromoter\/","title":{"rendered":"Upsell Promoter \u00a9"},"content":{"rendered":"<p><div class=\"fusion-fullwidth fullwidth-box fusion-builder-row-1 nonhundred-percent-fullwidth non-hundred-percent-height-scrolling\" style=\"background-color: rgba(173,173,173,0);background-position: center center;background-repeat: no-repeat;padding-top:0px;padding-right:0px;padding-bottom:40px;padding-left:0px;margin-bottom: 0px;margin-top: 0px;border-width: 0px 0px 0px 0px;border-color:rgba(86,180,124,0.52);border-style:solid;\" ><div class=\"fusion-builder-row fusion-row\"><div class=\"fusion-layout-column fusion_builder_column fusion-builder-column-0 fusion_builder_column_1_2 1_2 fusion-one-half fusion-column-first\" style=\"width:50%;width:calc(50% - ( ( 4% ) * 0.5 ) );margin-right: 4%;margin-top:10px;margin-bottom:10px;\"><div class=\"fusion-column-wrapper fusion-flex-column-wrapper-legacy\" style=\"background-position:left top;background-repeat:no-repeat;-webkit-background-size:cover;-moz-background-size:cover;-o-background-size:cover;background-size:cover;padding: 0px 0px 0px 0px;\"><div class=\"fusion-text fusion-text-1\" style=\"transform:translate3d(0,0,0);\"><div class=\"mText grid_6\">\n<p style=\"text-align: justify;\">Tout entrepreneur souhaite avoir un chiffre d\u2019affaires plus important. Pourquoi ? Il n\u2019est pas n\u00e9cessaire de vous l\u2019expliquer. Que vous souhaitiez servir encore mieux votre client, am\u00e9liorer votre site ou vous faire plaisir, \u00e0 vous et \u00e0 vos employ\u00e9s, la raison importe peu. <\/p>\n<p style=\"text-align: justify;\">La vente incitative est cruciale \u00e0 cet \u00e9gard. Votre programme actuel de vente incitative et de vente crois\u00e9e ne fonctionne pas \/ ne fonctionne plus comme vous le souhaitez, ou vous avez l\u2019impression d\u2019avoir d\u00e9j\u00e0 tout essay\u00e9 mais que votre \u00e9quipe stagne ? Alors le Upsell Promoter est fait pour votre entreprise ! <\/p>\n<p style=\"text-align: justify;\"><b>Comment \u00e7a marche?<br \/><\/b><\/p>\n<p style=\"text-align: justify;\">Le Motify Upsell Promoter est une application sp\u00e9cialement con\u00e7ue pour les sites o\u00f9 on retrouve un contact physique avec le client ou le visiteur. Il indique en permanence \u00e0 vos employ\u00e9s le produit qu\u2019ils peuvent le mieux proposer au client ou au visiteur, en compl\u00e9ment de leur achat initial. Tout cela d\u2019une mani\u00e8re agr\u00e9able et interactive, en impliquant les employ\u00e9s dans la transaction, dans le site et entre eux.<\/p>\n<\/div>\n<\/div><div class=\"fusion-clearfix\"><\/div><\/div><\/div><div class=\"fusion-layout-column fusion_builder_column fusion-builder-column-1 fusion_builder_column_1_2 1_2 fusion-one-half fusion-column-last\" style=\"width:50%;width:calc(50% - ( ( 4% ) * 0.5 ) );margin-top:10px;margin-bottom:10px;\"><div class=\"fusion-column-wrapper fusion-flex-column-wrapper-legacy\" style=\"background-position:left top;background-repeat:no-repeat;-webkit-background-size:cover;-moz-background-size:cover;-o-background-size:cover;background-size:cover;padding: 33px 0px 0px 0px;\"><div class=\"imageframe-align-center\"><span class=\" fusion-imageframe imageframe-none imageframe-1 hover-type-none\" style=\"border:50px solid rgba(255,255,255,0);\"><img decoding=\"async\" width=\"1180\" height=\"817\" title=\"screenshot-upsell-promoter-new\" src=\"https:\/\/bestandensafe.nl\/francais\/wp-content\/uploads\/sites\/4\/2021\/03\/screenshot-upsell-promoter-new.jpg\" class=\"img-responsive wp-image-2783\" srcset=\"https:\/\/bestandensafe.nl\/fr\/wp-content\/uploads\/sites\/4\/2021\/03\/screenshot-upsell-promoter-new-200x138.jpg 200w, https:\/\/bestandensafe.nl\/fr\/wp-content\/uploads\/sites\/4\/2021\/03\/screenshot-upsell-promoter-new-400x277.jpg 400w, https:\/\/bestandensafe.nl\/fr\/wp-content\/uploads\/sites\/4\/2021\/03\/screenshot-upsell-promoter-new-600x415.jpg 600w, https:\/\/bestandensafe.nl\/fr\/wp-content\/uploads\/sites\/4\/2021\/03\/screenshot-upsell-promoter-new-800x554.jpg 800w, https:\/\/bestandensafe.nl\/fr\/wp-content\/uploads\/sites\/4\/2021\/03\/screenshot-upsell-promoter-new.jpg 1180w\" sizes=\"(max-width: 1000px) 100vw, 800px\" \/><\/span><\/div><div class=\"fusion-clearfix\"><\/div><\/div><\/div><div class=\"fusion-layout-column fusion_builder_column fusion-builder-column-2 fusion_builder_column_1_1 1_1 fusion-one-full fusion-column-first fusion-column-last\" style=\"margin-top:10px;margin-bottom:10px;\"><div class=\"fusion-column-wrapper fusion-flex-column-wrapper-legacy\" style=\"background-position:left top;background-repeat:no-repeat;-webkit-background-size:cover;-moz-background-size:cover;-o-background-size:cover;background-size:cover;padding: 0px 0px 0px 0px;\"><div class=\"fusion-text fusion-text-2\" style=\"transform:translate3d(0,0,0);\"><p style=\"text-align: justify;\">Pour ce faire, Motify s\u2019appuie sur les r\u00e8gles d\u2019or de l\u2019industrie du jeu : faites que ce soit amusant ! Des produits clairs, avec des objectifs clairs et une comp\u00e9tition mutuelle, r\u00e9sum\u00e9s dans un jeu super simple. Le r\u00e9sultat ? Un client plus satisfait, plus de vente incitative et un chiffre d\u2019affaires plus \u00e9lev\u00e9, et des employ\u00e9s plus satisfaits. Pas mal, non?<\/p>\n<p style=\"text-align: justify;\"><i>Quels sont les avantages du Motify Upsell Promoter\u00a9 ?<\/i><\/p>\n<ul>\n<li><b>Le nombre de transactions augmente<\/b> ; en montrant des offres pertinentes de vente incitative et de vente crois\u00e9e<\/li>\n<li><b>L\u2019implication dans la vente incitative augmente<\/b> ; les employ\u00e9s savent chaque jour ce que l\u2019on attend d\u2019eux<\/li>\n<li><b>La satisfaction au travail augmente <\/b>; la pr\u00e9sence d\u2019\u00e9l\u00e9ments ludiques et de moments de c\u00e9l\u00e9bration rend la vente incitative plus amusante pour les employ\u00e9s<\/li>\n<\/ul>\n<\/div><div class=\"fusion-clearfix\"><\/div><\/div><\/div><\/div><\/div><div class=\"fusion-fullwidth fullwidth-box fusion-builder-row-2 nonhundred-percent-fullwidth non-hundred-percent-height-scrolling\" style=\"background-color: #56b47c;background-position: center center;background-repeat: no-repeat;padding-top:70px;padding-right:0px;padding-bottom:0px;padding-left:0px;margin-bottom: 0px;margin-top: 0px;border-width: 2px 0px 2px 0px;border-color:rgba(86,180,124,0.52);border-style:solid;\" ><div class=\"fusion-builder-row fusion-row\"><div class=\"fusion-layout-column fusion_builder_column fusion-builder-column-3 fusion_builder_column_1_1 1_1 fusion-one-full fusion-column-first fusion-column-last\" style=\"margin-top:10px;margin-bottom:10px;\"><div class=\"fusion-column-wrapper fusion-flex-column-wrapper-legacy\" style=\"background-position:left top;background-repeat:no-repeat;-webkit-background-size:cover;-moz-background-size:cover;-o-background-size:cover;background-size:cover;padding: 0px 0px 0px 0px;\"><div class=\"fusion-content-boxes content-boxes columns row fusion-columns-2 fusion-columns-total-2 fusion-content-boxes-1 content-boxes-icon-on-top content-left\" data-animationOffset=\"100%\" style=\"margin-top:0px;margin-bottom:60px;\"><style type=\"text\/css\">.fusion-content-boxes-1 .heading .content-box-heading {color:#333c4e;}\n\t\t\t\t\t.fusion-content-boxes-1 .fusion-content-box-hover .link-area-link-icon-hover .heading .content-box-heading,\n\t\t\t\t\t.fusion-content-boxes-1 .fusion-content-box-hover .link-area-link-icon-hover .heading .heading-link .content-box-heading,\n\t\t\t\t\t.fusion-content-boxes-1 .fusion-content-box-hover .link-area-box-hover .heading .content-box-heading,\n\t\t\t\t\t.fusion-content-boxes-1 .fusion-content-box-hover .link-area-box-hover .heading .heading-link .content-box-heading,\n\t\t\t\t\t.fusion-content-boxes-1 .fusion-content-box-hover .link-area-link-icon-hover.link-area-box .fusion-read-more,\n\t\t\t\t\t.fusion-content-boxes-1 .fusion-content-box-hover .link-area-link-icon-hover.link-area-box .fusion-read-more::after,\n\t\t\t\t\t.fusion-content-boxes-1 .fusion-content-box-hover .link-area-link-icon-hover.link-area-box .fusion-read-more::before,\n\t\t\t\t\t.fusion-content-boxes-1 .fusion-content-box-hover .fusion-read-more:hover:after,\n\t\t\t\t\t.fusion-content-boxes-1 .fusion-content-box-hover .fusion-read-more:hover:before,\n\t\t\t\t\t.fusion-content-boxes-1 .fusion-content-box-hover .fusion-read-more:hover,\n\t\t\t\t\t.fusion-content-boxes-1 .fusion-content-box-hover .link-area-box-hover.link-area-box .fusion-read-more,\n\t\t\t\t\t.fusion-content-boxes-1 .fusion-content-box-hover .link-area-box-hover.link-area-box .fusion-read-more::after,\n\t\t\t\t\t.fusion-content-boxes-1 .fusion-content-box-hover .link-area-box-hover.link-area-box .fusion-read-more::before,\n\t\t\t\t\t.fusion-content-boxes-1 .fusion-content-box-hover .link-area-link-icon-hover .icon .circle-no,\n\t\t\t\t\t.fusion-content-boxes-1 .heading .heading-link:hover .content-box-heading {\n\t\t\t\t\t\tcolor: #56b47c;\n\t\t\t\t\t}\n\t\t\t\t\t.fusion-content-boxes-1 .fusion-content-box-hover .link-area-box-hover .icon .circle-no {\n\t\t\t\t\t\tcolor: #56b47c !important;\n\t\t\t\t\t}.fusion-content-boxes-1 .fusion-content-box-hover .link-area-box.link-area-box-hover .fusion-content-box-button {background: #190f0f;color: #ffffff;}.fusion-content-boxes-1 .fusion-content-box-hover .link-area-box.link-area-box-hover .fusion-content-box-button .fusion-button-text {color: #ffffff;}\n\t\t\t\t\t.fusion-content-boxes-1 .fusion-content-box-hover .link-area-link-icon-hover .heading .icon > span {\n\t\t\t\t\t\tbackground-color: #56b47c !important;\n\t\t\t\t\t}\n\t\t\t\t\t.fusion-content-boxes-1 .fusion-content-box-hover .link-area-box-hover .heading .icon > span {\n\t\t\t\t\t\tborder-color: #56b47c !important;\n\t\t\t\t\t}<\/style><div class=\"fusion-column content-box-column content-box-column content-box-column-1 col-lg-6 col-md-6 col-sm-6 fusion-content-box-hover content-box-column-first-in-row\"><div class=\"col content-box-wrapper content-wrapper-background link-area-box link-type-button icon-hover-animation-slide\" style=\"background-color:#ffffff;\" data-link=\"https:\/\/bestandensafe.nl\/fr\/contact\/\" data-link-target=\"_self\" data-animationOffset=\"100%\"><div class=\"heading heading-with-icon icon-left\"><a class=\"heading-link\" href=\"https:\/\/bestandensafe.nl\/fr\/contact\/\" target=\"_self\"><div class=\"icon\"><i style=\"border-color:#333c4e;border-width:0px;background-color:#56b47c;box-sizing:content-box;height:100px;width:100px;line-height:100px;border-radius:50%;color:#ffffff;font-size:50px;\" aria-hidden=\"true\" class=\"fontawesome-icon fa-envelope fas circle-yes\"><\/i><\/div><h2 class=\"content-box-heading\" style=\"font-size:24px;line-height:29px;\">Int\u00e9ress\u00e9 par le Motify Upsell Promoter\u00a9?<\/h2><\/a><\/div><div class=\"fusion-clearfix\"><\/div><div class=\"content-container\" style=\"color:#7e8890;\">\n<p>Contactez-nous et demandez une d\u00e9mo gratuite<\/p>\n<\/div><div class=\"fusion-clearfix\"><\/div><a class=\"fusion-read-more-button fusion-content-box-button fusion-button button-default button-large button- button-flat\" href=\"https:\/\/bestandensafe.nl\/fr\/contact\/\" target=\"_self\"><span class=\"fusion-button-text\">Contactez nous<\/span><\/a><div class=\"fusion-clearfix\"><\/div><\/div><\/div><div class=\"fusion-column content-box-column content-box-column content-box-column-2 col-lg-6 col-md-6 col-sm-6 fusion-content-box-hover content-box-column-last content-box-column-last-in-row\"><div class=\"col content-box-wrapper content-wrapper-background link-area-box link-type-button icon-hover-animation-slide\" style=\"background-color:#ffffff;\" data-link=\"https:\/\/bestandensafe.nl\/fr\/wp-content\/uploads\/sites\/4\/2021\/11\/Motify-Brochure-Upsell-Promoter-3.0.pdf\" data-link-target=\"_blank\" data-animationOffset=\"100%\"><div class=\"heading heading-with-icon icon-left\"><a class=\"heading-link\" href=\"https:\/\/bestandensafe.nl\/fr\/wp-content\/uploads\/sites\/4\/2021\/11\/Motify-Brochure-Upsell-Promoter-3.0.pdf\" target=\"_blank\" rel=\"noopener noreferrer\"><div class=\"icon\"><i style=\"border-color:#333c4e;border-width:0px;background-color:#56b47c;box-sizing:content-box;height:100px;width:100px;line-height:100px;border-radius:50%;color:#ffffff;font-size:50px;\" aria-hidden=\"true\" class=\"fontawesome-icon fa-book-open fas circle-yes\"><\/i><\/div><h2 class=\"content-box-heading\" style=\"font-size:24px;line-height:29px;\">En savoir plus sur le Motify Upsell Promoter\u00a9?<\/h2><\/a><\/div><div class=\"fusion-clearfix\"><\/div><div class=\"content-container\" style=\"color:#7e8890;\">\n<p>T\u00e9l\u00e9chargez notre brochure pour plus d\u2019informations<\/p>\n<\/div><div class=\"fusion-clearfix\"><\/div><a class=\"fusion-read-more-button fusion-content-box-button fusion-button button-default button-large button- button-flat\" href=\"https:\/\/bestandensafe.nl\/fr\/wp-content\/uploads\/sites\/4\/2021\/11\/Motify-Brochure-Upsell-Promoter-3.0.pdf\" target=\"_blank\" rel=\"noopener noreferrer\"><span class=\"fusion-button-text\">T\u00e9l\u00e9chargez le brochure <\/span><\/a><div class=\"fusion-clearfix\"><\/div><\/div><\/div><style type=\"text\/css\">\n\t\t\t\t\t\t.fusion-content-boxes-1 .fusion-content-box-hover .heading-link:hover .icon i.circle-yes,\n\t\t\t\t\t\t.fusion-content-boxes-1 .fusion-content-box-hover .link-area-box:hover .heading-link .icon i.circle-yes,\n\t\t\t\t\t\t.fusion-content-boxes-1 .fusion-content-box-hover .link-area-link-icon-hover .heading .icon i.circle-yes,\n\t\t\t\t\t\t.fusion-content-boxes-1 .fusion-content-box-hover .link-area-box-hover .heading .icon i.circle-yes {\n\t\t\t\t\t\t\tbackground-color: #56b47c !important;\n\t\t\t\t\t\t\tborder-color: #56b47c !important;\n\t\t\t\t\t\t}<\/style><div class=\"fusion-clearfix\"><\/div><\/div><div class=\"fusion-clearfix\"><\/div><\/div><\/div><\/div><\/div><\/p>\n","protected":false},"excerpt":{"rendered":"","protected":false},"author":1,"featured_media":0,"parent":0,"menu_order":0,"comment_status":"closed","ping_status":"closed","template":"100-width.php","meta":{"footnotes":""},"class_list":["post-2087","page","type-page","status-publish","hentry"],"_links":{"self":[{"href":"https:\/\/bestandensafe.nl\/fr\/wp-json\/wp\/v2\/pages\/2087","targetHints":{"allow":["GET"]}}],"collection":[{"href":"https:\/\/bestandensafe.nl\/fr\/wp-json\/wp\/v2\/pages"}],"about":[{"href":"https:\/\/bestandensafe.nl\/fr\/wp-json\/wp\/v2\/types\/page"}],"author":[{"embeddable":true,"href":"https:\/\/bestandensafe.nl\/fr\/wp-json\/wp\/v2\/users\/1"}],"replies":[{"embeddable":true,"href":"https:\/\/bestandensafe.nl\/fr\/wp-json\/wp\/v2\/comments?post=2087"}],"version-history":[{"count":3,"href":"https:\/\/bestandensafe.nl\/fr\/wp-json\/wp\/v2\/pages\/2087\/revisions"}],"predecessor-version":[{"id":2918,"href":"https:\/\/bestandensafe.nl\/fr\/wp-json\/wp\/v2\/pages\/2087\/revisions\/2918"}],"wp:attachment":[{"href":"https:\/\/bestandensafe.nl\/fr\/wp-json\/wp\/v2\/media?parent=2087"}],"curies":[{"name":"wp","href":"https:\/\/api.w.org\/{rel}","templated":true}]}}